{"id":77,"date":"2025-07-30T21:32:27","date_gmt":"2025-07-30T21:32:27","guid":{"rendered":"http:\/\/orchestre-baroque-essonne.fr\/?page_id=77"},"modified":"2025-08-05T14:47:37","modified_gmt":"2025-08-05T14:47:37","slug":"les-inedits","status":"publish","type":"page","link":"https:\/\/orchestre-baroque-essonne.fr\/index.php\/repertoire\/les-inedits\/","title":{"rendered":"Les in\u00e9dits"},"content":{"rendered":"\n<figure class=\"wp-block-image size-large\"><img loading=\"lazy\" decoding=\"async\" width=\"2560\" height=\"1920\" src=\"http:\/\/orchestre-baroque-essonne.fr\/wp-content\/uploads\/2025\/08\/f2r-edited-scaled.jpg\" alt=\"\" class=\"wp-image-295\" srcset=\"https:\/\/orchestre-baroque-essonne.fr\/wp-content\/uploads\/2025\/08\/f2r-edited-scaled.jpg 2560w, https:\/\/orchestre-baroque-essonne.fr\/wp-content\/uploads\/2025\/08\/f2r-edited-300x225.jpg 300w, https:\/\/orchestre-baroque-essonne.fr\/wp-content\/uploads\/2025\/08\/f2r-edited-1024x768.jpg 1024w, https:\/\/orchestre-baroque-essonne.fr\/wp-content\/uploads\/2025\/08\/f2r-edited-768x576.jpg 768w, https:\/\/orchestre-baroque-essonne.fr\/wp-content\/uploads\/2025\/08\/f2r-edited-1536x1152.jpg 1536w, https:\/\/orchestre-baroque-essonne.fr\/wp-content\/uploads\/2025\/08\/f2r-edited-2048x1536.jpg 2048w\" sizes=\"auto, (max-width: 2560px) 100vw, 2560px\" \/><\/figure>\n\n\n\n<p class=\"has-text-align-center has-large-font-size\"><mark style=\"background-color:rgba(0, 0, 0, 0)\" class=\"has-inline-color has-accent-2-color\">Antonio Martinelli,\u00a0<em>Sinfonia en do majeur\u00a0<\/em><\/mark>: \u00e9dition d\u2019apr\u00e8s le manuscrit MS 2364 \u00ab Balleti di diversi autori XVIIIe\u201d\u00a0de la <a href=\"https:\/\/youtu.be\/z0ZbcVJeylE?t=124\">Biblioth\u00e8que Sainte Genevi\u00e8ve<\/a><\/p>\n\n\n\n<figure class=\"wp-block-image aligncenter size-full\"><img loading=\"lazy\" decoding=\"async\" width=\"514\" height=\"682\" src=\"http:\/\/orchestre-baroque-essonne.fr\/wp-content\/uploads\/2025\/08\/Couperin-8e-concert-1724-glissees-e1754404079112.jpg\" alt=\"\" class=\"wp-image-287\" srcset=\"https:\/\/orchestre-baroque-essonne.fr\/wp-content\/uploads\/2025\/08\/Couperin-8e-concert-1724-glissees-e1754404079112.jpg 514w, https:\/\/orchestre-baroque-essonne.fr\/wp-content\/uploads\/2025\/08\/Couperin-8e-concert-1724-glissees-e1754404079112-226x300.jpg 226w\" sizes=\"auto, (max-width: 514px) 100vw, 514px\" \/><\/figure>\n\n\n\n<p class=\"has-text-align-center\"><mark style=\"background-color:rgba(0, 0, 0, 0)\" class=\"has-inline-color has-accent-2-color\">Fran\u00e7ois Couperin, <em>Huiti\u00e8me Concert Royal <\/em> <\/mark>: version orchestrale (instrumentation et recomposition avec des parties de Haute-Contre et Taille)<\/p>\n\n\n\n<figure class=\"wp-block-image aligncenter size-full is-resized\"><img loading=\"lazy\" decoding=\"async\" width=\"368\" height=\"581\" src=\"http:\/\/orchestre-baroque-essonne.fr\/wp-content\/uploads\/2025\/08\/Jacquet_de_La_Guerre_-_Cephale_et_Procris_Antwerp_copy-glissees-e1754404116927.jpg\" alt=\"\" class=\"wp-image-285\" style=\"width:441px;height:auto\" srcset=\"https:\/\/orchestre-baroque-essonne.fr\/wp-content\/uploads\/2025\/08\/Jacquet_de_La_Guerre_-_Cephale_et_Procris_Antwerp_copy-glissees-e1754404116927.jpg 368w, https:\/\/orchestre-baroque-essonne.fr\/wp-content\/uploads\/2025\/08\/Jacquet_de_La_Guerre_-_Cephale_et_Procris_Antwerp_copy-glissees-e1754404116927-190x300.jpg 190w\" sizes=\"auto, (max-width: 368px) 100vw, 368px\" \/><\/figure>\n\n\n\n<p class=\"has-text-align-center\"><mark style=\"background-color:rgba(0, 0, 0, 0)\" class=\"has-inline-color has-accent-2-color\">Elisabeth Jacquet de la Guerre, <em>C\u00e9phale et Procris<\/em><\/mark> : suite de danses extraite de la trag\u00e9die lyrique, avec recomposition avec des parties de Haute-Contre, Taille et Quinte)<\/p>\n\n\n\n<figure class=\"wp-block-image aligncenter size-large is-resized\"><img loading=\"lazy\" decoding=\"async\" width=\"636\" height=\"1024\" src=\"http:\/\/orchestre-baroque-essonne.fr\/wp-content\/uploads\/2025\/08\/Desmarets-Theagene-et-claricee-glissees-e1754404194511-636x1024.jpg\" alt=\"\" class=\"wp-image-286\" style=\"width:446px;height:auto\" srcset=\"https:\/\/orchestre-baroque-essonne.fr\/wp-content\/uploads\/2025\/08\/Desmarets-Theagene-et-claricee-glissees-e1754404194511-636x1024.jpg 636w, https:\/\/orchestre-baroque-essonne.fr\/wp-content\/uploads\/2025\/08\/Desmarets-Theagene-et-claricee-glissees-e1754404194511-186x300.jpg 186w, https:\/\/orchestre-baroque-essonne.fr\/wp-content\/uploads\/2025\/08\/Desmarets-Theagene-et-claricee-glissees-e1754404194511.jpg 712w\" sizes=\"auto, (max-width: 636px) 100vw, 636px\" \/><\/figure>\n\n\n\n<p class=\"has-text-align-center\"><mark style=\"background-color:rgba(0, 0, 0, 0)\" class=\"has-inline-color has-accent-2-color\">Henry Desmarest,<em> Th\u00e9ag\u00e8ne et Charicl\u00e9e<\/em><\/mark> : suite de danses extraite de la trag\u00e9die lyrique<\/p>\n\n\n\n<figure class=\"wp-block-image aligncenter size-large is-resized\"><img loading=\"lazy\" decoding=\"async\" width=\"752\" height=\"1024\" src=\"http:\/\/orchestre-baroque-essonne.fr\/wp-content\/uploads\/2025\/08\/Le_triomphe_de_lharmonie_ballet_.Grenet_Francois_btv1b9062764x-glissees-e1754404232778-752x1024.jpg\" alt=\"\" class=\"wp-image-292\" style=\"width:439px;height:auto\" srcset=\"https:\/\/orchestre-baroque-essonne.fr\/wp-content\/uploads\/2025\/08\/Le_triomphe_de_lharmonie_ballet_.Grenet_Francois_btv1b9062764x-glissees-e1754404232778-752x1024.jpg 752w, https:\/\/orchestre-baroque-essonne.fr\/wp-content\/uploads\/2025\/08\/Le_triomphe_de_lharmonie_ballet_.Grenet_Francois_btv1b9062764x-glissees-e1754404232778-220x300.jpg 220w, https:\/\/orchestre-baroque-essonne.fr\/wp-content\/uploads\/2025\/08\/Le_triomphe_de_lharmonie_ballet_.Grenet_Francois_btv1b9062764x-glissees-e1754404232778-768x1046.jpg 768w, https:\/\/orchestre-baroque-essonne.fr\/wp-content\/uploads\/2025\/08\/Le_triomphe_de_lharmonie_ballet_.Grenet_Francois_btv1b9062764x-glissees-e1754404232778.jpg 856w\" sizes=\"auto, (max-width: 752px) 100vw, 752px\" \/><\/figure>\n\n\n\n<p class=\"has-text-align-center\"><mark style=\"background-color:rgba(0, 0, 0, 0)\" class=\"has-inline-color has-accent-2-color\">Fran\u00e7ois Lupien Grenet, <em>Le Triomphe de l\u2019Harmonie<\/em>\u00a0<\/mark> : suite de danses extraite de l\u2019op\u00e9ra-ballet, avec recomposition avec des parties de Haute-Contre et Taille<\/p>\n\n\n\n<figure class=\"wp-block-image aligncenter size-full\"><img loading=\"lazy\" decoding=\"async\" width=\"305\" height=\"494\" src=\"http:\/\/orchestre-baroque-essonne.fr\/wp-content\/uploads\/2025\/08\/Bauyn_Manuscript_Volume_2-glissees-e1754404263359.jpg\" alt=\"\" class=\"wp-image-288\" srcset=\"https:\/\/orchestre-baroque-essonne.fr\/wp-content\/uploads\/2025\/08\/Bauyn_Manuscript_Volume_2-glissees-e1754404263359.jpg 305w, https:\/\/orchestre-baroque-essonne.fr\/wp-content\/uploads\/2025\/08\/Bauyn_Manuscript_Volume_2-glissees-e1754404263359-185x300.jpg 185w\" sizes=\"auto, (max-width: 305px) 100vw, 305px\" \/><\/figure>\n\n\n\n<p class=\"has-text-align-center\"><mark style=\"background-color:rgba(0, 0, 0, 0)\" class=\"has-inline-color has-accent-2-color\">Louis Couperin, <em>pi\u00e8ces pour clavier et fantaisies pour les violes<\/em><\/mark>, restitu\u00e9es et instrument\u00e9es pour un orchestre XVIIIe<\/p>\n\n\n\n<figure class=\"wp-block-image aligncenter size-full is-resized\"><img loading=\"lazy\" decoding=\"async\" width=\"411\" height=\"498\" src=\"http:\/\/orchestre-baroque-essonne.fr\/wp-content\/uploads\/2025\/08\/Telemann_-_Der_Getreue_MusicMeister_-Monochrome-glissees-e1754404336514.jpg\" alt=\"\" class=\"wp-image-289\" style=\"width:519px;height:auto\" srcset=\"https:\/\/orchestre-baroque-essonne.fr\/wp-content\/uploads\/2025\/08\/Telemann_-_Der_Getreue_MusicMeister_-Monochrome-glissees-e1754404336514.jpg 411w, https:\/\/orchestre-baroque-essonne.fr\/wp-content\/uploads\/2025\/08\/Telemann_-_Der_Getreue_MusicMeister_-Monochrome-glissees-e1754404336514-248x300.jpg 248w\" sizes=\"auto, (max-width: 411px) 100vw, 411px\" \/><\/figure>\n\n\n\n<p class=\"has-text-align-center\"><mark style=\"background-color:rgba(0, 0, 0, 0)\" class=\"has-inline-color has-accent-2-color\">Georg-Philipp Telemann, <em>Ouverture en r\u00e9 mineur<\/em><\/mark> : orchestration de l\u2019Ouverture TWV 32;2 pour clavecin<\/p>\n\n\n\n<p><\/p>\n","protected":false},"excerpt":{"rendered":"<p>Antonio Martinelli,\u00a0Sinfonia en do majeur\u00a0: \u00e9dition d\u2019apr\u00e8s le manuscrit MS 2364 \u00ab Balleti di diversi autori XVIIIe\u201d\u00a0de la Biblioth\u00e8que Sainte Genevi\u00e8ve Fran\u00e7ois Couperin, Huiti\u00e8me Concert Royal : version orchestrale (instrumentation et recomposition avec des parties de Haute-Contre et Taille) Elisabeth Jacquet de la Guerre, C\u00e9phale et Procris : suite de danses extraite de la trag\u00e9die [&hellip;]<\/p>\n","protected":false},"author":1,"featured_media":0,"parent":28,"menu_order":0,"comment_status":"closed","ping_status":"closed","template":"","meta":{"footnotes":""},"class_list":["post-77","page","type-page","status-publish","hentry"],"_links":{"self":[{"href":"https:\/\/orchestre-baroque-essonne.fr\/index.php\/wp-json\/wp\/v2\/pages\/77","targetHints":{"allow":["GET"]}}],"collection":[{"href":"https:\/\/orchestre-baroque-essonne.fr\/index.php\/wp-json\/wp\/v2\/pages"}],"about":[{"href":"https:\/\/orchestre-baroque-essonne.fr\/index.php\/wp-json\/wp\/v2\/types\/page"}],"author":[{"embeddable":true,"href":"https:\/\/orchestre-baroque-essonne.fr\/index.php\/wp-json\/wp\/v2\/users\/1"}],"replies":[{"embeddable":true,"href":"https:\/\/orchestre-baroque-essonne.fr\/index.php\/wp-json\/wp\/v2\/comments?post=77"}],"version-history":[{"count":13,"href":"https:\/\/orchestre-baroque-essonne.fr\/index.php\/wp-json\/wp\/v2\/pages\/77\/revisions"}],"predecessor-version":[{"id":299,"href":"https:\/\/orchestre-baroque-essonne.fr\/index.php\/wp-json\/wp\/v2\/pages\/77\/revisions\/299"}],"up":[{"embeddable":true,"href":"https:\/\/orchestre-baroque-essonne.fr\/index.php\/wp-json\/wp\/v2\/pages\/28"}],"wp:attachment":[{"href":"https:\/\/orchestre-baroque-essonne.fr\/index.php\/wp-json\/wp\/v2\/media?parent=77"}],"curies":[{"name":"wp","href":"https:\/\/api.w.org\/{rel}","templated":true}]}}