{"id":347,"date":"2025-10-28T08:16:34","date_gmt":"2025-10-28T08:16:34","guid":{"rendered":"https:\/\/orchestre-baroque-essonne.fr\/?page_id=347"},"modified":"2025-10-28T08:18:01","modified_gmt":"2025-10-28T08:18:01","slug":"dossiers-pedagogiques","status":"publish","type":"page","link":"https:\/\/orchestre-baroque-essonne.fr\/index.php\/lorchestre\/dossiers-pedagogiques\/","title":{"rendered":"Dossiers p\u00e9dagogiques"},"content":{"rendered":"\n<p>En compl\u00e9ment \u00e0 ses acad\u00e9mies et actions culturelles, l\u2019Orchestre Baroque de l\u2019Essonne propose un dossier p\u00e9dagogique en libre acc\u00e8s. <br>Celui-ci propose des contenus culturels en lien avec le programme de l\u2019acad\u00e9mie de l\u2019ann\u00e9e, ainsi que des fiches activit\u00e9s \u00e0 destination des enseignants ou encadrants de groupes scolaires ou p\u00e9ri-scolaires.<\/p>\n\n\n\n<div data-wp-interactive=\"core\/file\" class=\"wp-block-file\"><object data-wp-bind--hidden=\"!state.hasPdfPreview\" hidden class=\"wp-block-file__embed\" data=\"https:\/\/orchestre-baroque-essonne.fr\/wp-content\/uploads\/2025\/10\/Dossier-pedagogique-Academie-2026.pdf\" type=\"application\/pdf\" style=\"width:100%;height:600px\" aria-label=\"Contenu embarqu\u00e9 Dossier p\u00e9dagogique Acad\u00e9mie 2026.\"><\/object><a id=\"wp-block-file--media-45a92cb5-6865-49b2-b513-2ecb91dfbbaf\" href=\"https:\/\/orchestre-baroque-essonne.fr\/wp-content\/uploads\/2025\/10\/Dossier-pedagogique-Academie-2026.pdf\">Dossier p\u00e9dagogique Acad\u00e9mie 2026<\/a><a href=\"https:\/\/orchestre-baroque-essonne.fr\/wp-content\/uploads\/2025\/10\/Dossier-pedagogique-Academie-2026.pdf\" class=\"wp-block-file__button wp-element-button\" download aria-describedby=\"wp-block-file--media-45a92cb5-6865-49b2-b513-2ecb91dfbbaf\">Download<\/a><\/div>\n","protected":false},"excerpt":{"rendered":"<p>En compl\u00e9ment \u00e0 ses acad\u00e9mies et actions culturelles, l\u2019Orchestre Baroque de l\u2019Essonne propose un dossier p\u00e9dagogique en libre acc\u00e8s. Celui-ci propose des contenus culturels en lien avec le programme de l\u2019acad\u00e9mie de l\u2019ann\u00e9e, ainsi que des fiches activit\u00e9s \u00e0 destination des enseignants ou encadrants de groupes scolaires ou p\u00e9ri-scolaires.<\/p>\n","protected":false},"author":1,"featured_media":0,"parent":14,"menu_order":0,"comment_status":"closed","ping_status":"closed","template":"","meta":{"footnotes":""},"class_list":["post-347","page","type-page","status-publish","hentry"],"_links":{"self":[{"href":"https:\/\/orchestre-baroque-essonne.fr\/index.php\/wp-json\/wp\/v2\/pages\/347","targetHints":{"allow":["GET"]}}],"collection":[{"href":"https:\/\/orchestre-baroque-essonne.fr\/index.php\/wp-json\/wp\/v2\/pages"}],"about":[{"href":"https:\/\/orchestre-baroque-essonne.fr\/index.php\/wp-json\/wp\/v2\/types\/page"}],"author":[{"embeddable":true,"href":"https:\/\/orchestre-baroque-essonne.fr\/index.php\/wp-json\/wp\/v2\/users\/1"}],"replies":[{"embeddable":true,"href":"https:\/\/orchestre-baroque-essonne.fr\/index.php\/wp-json\/wp\/v2\/comments?post=347"}],"version-history":[{"count":1,"href":"https:\/\/orchestre-baroque-essonne.fr\/index.php\/wp-json\/wp\/v2\/pages\/347\/revisions"}],"predecessor-version":[{"id":349,"href":"https:\/\/orchestre-baroque-essonne.fr\/index.php\/wp-json\/wp\/v2\/pages\/347\/revisions\/349"}],"up":[{"embeddable":true,"href":"https:\/\/orchestre-baroque-essonne.fr\/index.php\/wp-json\/wp\/v2\/pages\/14"}],"wp:attachment":[{"href":"https:\/\/orchestre-baroque-essonne.fr\/index.php\/wp-json\/wp\/v2\/media?parent=347"}],"curies":[{"name":"wp","href":"https:\/\/api.w.org\/{rel}","templated":true}]}}