{"id":24,"date":"2025-07-30T20:19:50","date_gmt":"2025-07-30T20:19:50","guid":{"rendered":"http:\/\/orchestre-baroque-essonne.fr\/?page_id=24"},"modified":"2025-08-04T21:47:56","modified_gmt":"2025-08-04T21:47:56","slug":"calendrier","status":"publish","type":"page","link":"https:\/\/orchestre-baroque-essonne.fr\/index.php\/calendrier\/","title":{"rendered":"Calendrier"},"content":{"rendered":"\n<h2 class=\"wp-block-heading has-text-align-center\">2026<\/h2>\n\n\n\n<hr class=\"wp-block-separator has-alpha-channel-opacity is-style-dots\"\/>\n\n\n\n<p>27 &#8211; 30 avril  : <em>Le Triomphe de l&rsquo;Harmonie<\/em>, acad\u00e9mie. CRD Paris-Saclay<\/p>\n\n\n\n<p>7 mai : <em>Le Triomphe de l&rsquo;Harmonie<\/em>, concert scolaire. 14h, Auditorium Risset, CRD Paris-Saclay<\/p>\n\n\n\n<p>10 mai : <em>Le Triomphe de l&rsquo;Harmonie<\/em>, concert. 17h, Auditorium Risset, CRD Paris-Saclay<\/p>\n\n\n\n<div style=\"height:50px\" aria-hidden=\"true\" class=\"wp-block-spacer\"><\/div>\n\n\n\n<h2 class=\"wp-block-heading has-text-align-center\">2025<\/h2>\n\n\n\n<hr class=\"wp-block-separator has-alpha-channel-opacity is-style-dots\"\/>\n\n\n\n<figure class=\"wp-block-image size-large\"><img loading=\"lazy\" decoding=\"async\" width=\"1024\" height=\"682\" src=\"http:\/\/orchestre-baroque-essonne.fr\/wp-content\/uploads\/2025\/08\/DSC9365-1-1024x682.jpg\" alt=\"\" class=\"wp-image-264\" srcset=\"https:\/\/orchestre-baroque-essonne.fr\/wp-content\/uploads\/2025\/08\/DSC9365-1-1024x682.jpg 1024w, https:\/\/orchestre-baroque-essonne.fr\/wp-content\/uploads\/2025\/08\/DSC9365-1-300x200.jpg 300w, https:\/\/orchestre-baroque-essonne.fr\/wp-content\/uploads\/2025\/08\/DSC9365-1-768x512.jpg 768w, https:\/\/orchestre-baroque-essonne.fr\/wp-content\/uploads\/2025\/08\/DSC9365-1-1536x1023.jpg 1536w, https:\/\/orchestre-baroque-essonne.fr\/wp-content\/uploads\/2025\/08\/DSC9365-1-2048x1364.jpg 2048w\" sizes=\"auto, (max-width: 1024px) 100vw, 1024px\" \/><\/figure>\n\n\n\n<p>26 f\u00e9vrier &#8211; 1 mars : <em>Irr\u00e9sistible Telemann !<\/em>, acad\u00e9mie. CRD Paris-Saclay<\/p>\n\n\n\n<p>13 mars : <em>Irr\u00e9sistible Telemann !<\/em>, concert scolaire. 14h, CRD Paris-Saclay<\/p>\n\n\n\n<p>16 mars : <em>Irr\u00e9sistible Telemann !<\/em>, concert. 17h, Eglise Saint-Etienne, Chilly-Mazarin<\/p>\n\n\n\n<p>23 mars : <em>Irr\u00e9sistible Telemann !<\/em>, concert. 17h, CRD Paris-Saclay<\/p>\n","protected":false},"excerpt":{"rendered":"<p>2026 27 &#8211; 30 avril : Le Triomphe de l&rsquo;Harmonie, acad\u00e9mie. CRD Paris-Saclay 7 mai : Le Triomphe de l&rsquo;Harmonie, concert scolaire. 14h, Auditorium Risset, CRD Paris-Saclay 10 mai : Le Triomphe de l&rsquo;Harmonie, concert. 17h, Auditorium Risset, CRD Paris-Saclay 2025 26 f\u00e9vrier &#8211; 1 mars : Irr\u00e9sistible Telemann !, acad\u00e9mie. CRD Paris-Saclay 13 mars [&hellip;]<\/p>\n","protected":false},"author":1,"featured_media":0,"parent":0,"menu_order":0,"comment_status":"closed","ping_status":"closed","template":"","meta":{"footnotes":""},"class_list":["post-24","page","type-page","status-publish","hentry"],"_links":{"self":[{"href":"https:\/\/orchestre-baroque-essonne.fr\/index.php\/wp-json\/wp\/v2\/pages\/24","targetHints":{"allow":["GET"]}}],"collection":[{"href":"https:\/\/orchestre-baroque-essonne.fr\/index.php\/wp-json\/wp\/v2\/pages"}],"about":[{"href":"https:\/\/orchestre-baroque-essonne.fr\/index.php\/wp-json\/wp\/v2\/types\/page"}],"author":[{"embeddable":true,"href":"https:\/\/orchestre-baroque-essonne.fr\/index.php\/wp-json\/wp\/v2\/users\/1"}],"replies":[{"embeddable":true,"href":"https:\/\/orchestre-baroque-essonne.fr\/index.php\/wp-json\/wp\/v2\/comments?post=24"}],"version-history":[{"count":6,"href":"https:\/\/orchestre-baroque-essonne.fr\/index.php\/wp-json\/wp\/v2\/pages\/24\/revisions"}],"predecessor-version":[{"id":266,"href":"https:\/\/orchestre-baroque-essonne.fr\/index.php\/wp-json\/wp\/v2\/pages\/24\/revisions\/266"}],"wp:attachment":[{"href":"https:\/\/orchestre-baroque-essonne.fr\/index.php\/wp-json\/wp\/v2\/media?parent=24"}],"curies":[{"name":"wp","href":"https:\/\/api.w.org\/{rel}","templated":true}]}}