{"id":20,"date":"2025-07-30T20:17:37","date_gmt":"2025-07-30T20:17:37","guid":{"rendered":"http:\/\/orchestre-baroque-essonne.fr\/?page_id=20"},"modified":"2025-08-01T22:14:35","modified_gmt":"2025-08-01T22:14:35","slug":"direction-artistique","status":"publish","type":"page","link":"https:\/\/orchestre-baroque-essonne.fr\/index.php\/les-artistes\/direction-artistique\/","title":{"rendered":"Direction artistique"},"content":{"rendered":"\n<div class=\"wp-block-group has-global-padding is-layout-constrained wp-block-group-is-layout-constrained\">\n<div class=\"wp-block-columns is-layout-flex wp-container-core-columns-is-layout-28f84493 wp-block-columns-is-layout-flex\">\n<div class=\"wp-block-column is-layout-flow wp-block-column-is-layout-flow\">\n<h3 class=\"wp-block-heading\"><mark style=\"background-color:rgba(0, 0, 0, 0)\" class=\"has-inline-color has-accent-2-color\">Pierre-Alain Braye-Weppe<\/mark>, <em>chef d&rsquo;orchestre<\/em><\/h3>\n\n\n\n<figure class=\"wp-block-image size-large\"><img loading=\"lazy\" decoding=\"async\" width=\"1024\" height=\"683\" src=\"http:\/\/orchestre-baroque-essonne.fr\/wp-content\/uploads\/2025\/08\/DSC9349-Avec-accentuation-Bruit-1024x683.jpg\" alt=\"\" class=\"wp-image-130\" srcset=\"https:\/\/orchestre-baroque-essonne.fr\/wp-content\/uploads\/2025\/08\/DSC9349-Avec-accentuation-Bruit-1024x683.jpg 1024w, https:\/\/orchestre-baroque-essonne.fr\/wp-content\/uploads\/2025\/08\/DSC9349-Avec-accentuation-Bruit-300x200.jpg 300w, https:\/\/orchestre-baroque-essonne.fr\/wp-content\/uploads\/2025\/08\/DSC9349-Avec-accentuation-Bruit-768x512.jpg 768w, https:\/\/orchestre-baroque-essonne.fr\/wp-content\/uploads\/2025\/08\/DSC9349-Avec-accentuation-Bruit-1536x1024.jpg 1536w, https:\/\/orchestre-baroque-essonne.fr\/wp-content\/uploads\/2025\/08\/DSC9349-Avec-accentuation-Bruit-2048x1365.jpg 2048w\" sizes=\"auto, (max-width: 1024px) 100vw, 1024px\" \/><\/figure>\n\n\n\n<p>Laur\u00e9at du \u00ab VI\u00e8me Concours Europ\u00e9en de Composition du Festival des Cath\u00e9drales de Picardie \u00bb, de l\u2019 \u00ab International Composition Prize Luxembourg 2010 \u00bb et du \u00ab Concours International de Composition Saint-Sulpice 2021 \u00bb (Prix de la Fondation Francis et Mica Salabert), Pierre-Alain Braye-Weppe se forme au Conservatoire National Sup\u00e9rieur de Musique et de Danse de Paris aupr\u00e8s de Christian Accaoui, Marc-Andr\u00e9-Dalbavie, Thierry Escaich, Olivier Trachier et Jean-Fran\u00e7ois Zygel. Il y obtient cinq premiers Prix (Harmonie, Polyphonie des XVe-XVIIe si\u00e8cles, Fugues et Formes, Esth\u00e9tique et Orchestration). Parall\u00e8lement, il travaille la composition avec St\u00e9phane Delplace et le clavecin avec Mich\u00e8le D\u00e9v\u00e9rit\u00e9.<\/p>\n\n\n\n<p>Depuis 2019, il est professeur de \u00ab Polyphonie des XVe-XVIIe si\u00e8cles \u00bb au Conservatoire National Sup\u00e9rieur de Musique et de Danse de Paris, une classe singuli\u00e8re o\u00f9 les \u00e9tudiants apprennent \u00e0 composer d\u2019apr\u00e8s les trait\u00e9s et les \u0153uvres de la Renaissance. Par ailleurs, il enseigne \u00e9galement la basse continue et l\u2019\u00e9criture ancienne au Conservatoire \u00e0 Rayonnement D\u00e9partemental Paris-Saclay.<\/p>\n\n\n\n<p>Artiste musicien depuis presque une vingtaine d\u2019ann\u00e9es aux \u00ab Concerts de Poche \u00bb (dirig\u00e9s par Gis\u00e8le Magnan), il est charg\u00e9 de la pr\u00e9sentation des concerts. Il est \u00e9galement co-directeur artistique de l\u2019Orchestre Baroque de l\u2019Essonne\u200b.<\/p>\n\n\n\n<p>Son go\u00fbt pour la recherche accompagne sa vie de compositeur : citons sa participation au Symposium international Arcomelo 2013 avec une communication sur \u00ab la partie d\u2019alto dans les Concerti opus VI \u00bb d\u2019Arcangelo Corelli (publi\u00e9e par les \u00e9ditions Libreria Musicale Italiana).<\/p>\n\n\n\n<p>\u200bSes oeuvres (du solo \u00e0 l\u2019orchestre, en passant par la voix et les instruments \u00ab anciens \u00bb) sont jou\u00e9es ou enregistr\u00e9es en Allemagne, en Angleterre, en Lituanie, en France (Philharmonie de Paris, Festival de la Chaise-Dieu) et au Luxembourg par Vassilena Serafimova, Jonathan Fournel, Kerson Leong, Philippe Graffin, Xavier Eustache, Mich\u00e8le D\u00e9v\u00e9rit\u00e9, Jean-Pierre Nicolas, Ga\u00ebtane Prouvost, Cyril Dupuis, Elodie Soulard, Esther Labourdette, S\u00e9bastien Brohier, David Walter, M\u00e9lodie Michel, Karol Mossakowski, Thomas Ospital, Catherine Simonpietri, le Luxembourg Sinfonietta, les Muses Galantes, Sequenza 9.3\u2026<\/p>\n<\/div>\n\n\n\n<div class=\"wp-block-column is-layout-flow wp-block-column-is-layout-flow\">\n<h3 class=\"wp-block-heading\"><mark style=\"background-color:rgba(0, 0, 0, 0)\" class=\"has-inline-color has-accent-2-color\">Diane Omer Nguy\u1ec5n<\/mark>, <em>violon solo<\/em><\/h3>\n\n\n\n<figure class=\"wp-block-image size-large\"><img loading=\"lazy\" decoding=\"async\" width=\"1024\" height=\"1024\" src=\"http:\/\/orchestre-baroque-essonne.fr\/wp-content\/uploads\/2025\/08\/DSC9334-1024x1024.jpg\" alt=\"\" class=\"wp-image-132\" srcset=\"https:\/\/orchestre-baroque-essonne.fr\/wp-content\/uploads\/2025\/08\/DSC9334-1024x1024.jpg 1024w, https:\/\/orchestre-baroque-essonne.fr\/wp-content\/uploads\/2025\/08\/DSC9334-300x300.jpg 300w, https:\/\/orchestre-baroque-essonne.fr\/wp-content\/uploads\/2025\/08\/DSC9334-150x150.jpg 150w, https:\/\/orchestre-baroque-essonne.fr\/wp-content\/uploads\/2025\/08\/DSC9334-768x768.jpg 768w, https:\/\/orchestre-baroque-essonne.fr\/wp-content\/uploads\/2025\/08\/DSC9334-1536x1536.jpg 1536w, https:\/\/orchestre-baroque-essonne.fr\/wp-content\/uploads\/2025\/08\/DSC9334-2048x2048.jpg 2048w\" sizes=\"auto, (max-width: 1024px) 100vw, 1024px\" \/><\/figure>\n\n\n\n<p>Artiste pluridisciplinaire et passionn\u00e9e, Diane Omer Nguy\u1ec5n partage ses activit\u00e9s entre interpr\u00e9tation et enseignement, \u00e0 travers la pratique du violon et de l\u2019alto baroques, du clavecin et des danses anciennes. Dipl\u00f4m\u00e9e de Sorbonne Universit\u00e9s et du P\u00f4le Sup\u00e9rieur de Paris Boulogne-Billancourt, participante \u00e0 l&rsquo;Acad\u00e9mie de danse baroque de Versailles, elle s\u2019est \u00e9galement form\u00e9e en danses de la Renaissance fran\u00e7aise et italienne, en danses anglaises \u00e0 figures et en d\u00e9clamation.<\/p>\n\n\n\n<p>Elle enseigne actuellement le clavecin, la Formation Musicale et le chant choral au sein du Conservatoire de Versailles Grand Parc, o\u00f9 elle est \u00e9galement accompagnatrice et charg\u00e9e d\u2019ateliers Hors les Murs, et le violon baroque au Conservatoire de Ch\u00e2teau-Thierry. En tant que danseuse, elle intervient au sein de divers conservatoires. Animatrice et professeur dans des stages pour enfants ou adultes amateurs, elle travaille \u00e9galement en tant qu\u2019accompagnatrice et chef de chant ind\u00e9pendant.<\/p>\n\n\n\n<p>Aussi bien soliste que chambriste et musicienne d\u2019orchestre, elle est notamment violoniste et altiste au sein de la compagnie lyrique <em>Les Epop\u00e9es<\/em> (dir. St\u00e9phane Fuget) et de l\u2019Ensemble baroque de Toulouse (dir. Michel Brun), violon solo et co-directrice artistique de l\u2019Orchestre Baroque de l\u2019Essonne, claveciniste et membre fondateur de l\u2019ensemble <em>Les Flots baroques<\/em>. Elle a \u00e9galement collabor\u00e9 avec <em>Les Paladins<\/em> (dir. J\u00e9r\u00f4me Correas), <em>Les Ambassadeurs<\/em> (dir. Alexis Kossenko), et a pu se produire en France et dans diff\u00e9rents pays d\u2019Europe (Italie, Allemagne, Su\u00e8de), dans des salles telles que la Philharmonie de Paris, la Seine Musicale, le Th\u00e9\u00e2tre des Champs-Elys\u00e9es ou encore la Chapelle Royale et l\u2019Op\u00e9ra Royal du Ch\u00e2teau de Versailles et au sein de festivals tels que le Festival de Musique ancienne de Saint-Savin, le Festival d\u2019Op\u00e9ra baroque et romantique de Beaune, le Musikfest Bremen.<\/p>\n\n\n\n<p>En 2022, elle fonde <em>La Cupis<\/em>, compagnie pluridisciplinaire d\u2019arts de la sc\u00e8ne dont le but est de proposer une approche accessible et vivante des r\u00e9pertoires qu\u2019elle d\u00e9fend, et de proposer une dimension sociale et inclusive aux arts du spectacle<\/p>\n<\/div>\n<\/div>\n<\/div>\n","protected":false},"excerpt":{"rendered":"<p>Pierre-Alain Braye-Weppe, chef d&rsquo;orchestre Laur\u00e9at du \u00ab VI\u00e8me Concours Europ\u00e9en de Composition du Festival des Cath\u00e9drales de Picardie \u00bb, de l\u2019 \u00ab International Composition Prize Luxembourg 2010 \u00bb et du \u00ab Concours International de Composition Saint-Sulpice 2021 \u00bb (Prix de la Fondation Francis et Mica Salabert), Pierre-Alain Braye-Weppe se forme au Conservatoire National Sup\u00e9rieur de [&hellip;]<\/p>\n","protected":false},"author":1,"featured_media":0,"parent":79,"menu_order":0,"comment_status":"closed","ping_status":"closed","template":"","meta":{"footnotes":""},"class_list":["post-20","page","type-page","status-publish","hentry"],"_links":{"self":[{"href":"https:\/\/orchestre-baroque-essonne.fr\/index.php\/wp-json\/wp\/v2\/pages\/20","targetHints":{"allow":["GET"]}}],"collection":[{"href":"https:\/\/orchestre-baroque-essonne.fr\/index.php\/wp-json\/wp\/v2\/pages"}],"about":[{"href":"https:\/\/orchestre-baroque-essonne.fr\/index.php\/wp-json\/wp\/v2\/types\/page"}],"author":[{"embeddable":true,"href":"https:\/\/orchestre-baroque-essonne.fr\/index.php\/wp-json\/wp\/v2\/users\/1"}],"replies":[{"embeddable":true,"href":"https:\/\/orchestre-baroque-essonne.fr\/index.php\/wp-json\/wp\/v2\/comments?post=20"}],"version-history":[{"count":4,"href":"https:\/\/orchestre-baroque-essonne.fr\/index.php\/wp-json\/wp\/v2\/pages\/20\/revisions"}],"predecessor-version":[{"id":200,"href":"https:\/\/orchestre-baroque-essonne.fr\/index.php\/wp-json\/wp\/v2\/pages\/20\/revisions\/200"}],"up":[{"embeddable":true,"href":"https:\/\/orchestre-baroque-essonne.fr\/index.php\/wp-json\/wp\/v2\/pages\/79"}],"wp:attachment":[{"href":"https:\/\/orchestre-baroque-essonne.fr\/index.php\/wp-json\/wp\/v2\/media?parent=20"}],"curies":[{"name":"wp","href":"https:\/\/api.w.org\/{rel}","templated":true}]}}