{"id":18,"date":"2025-07-30T20:16:34","date_gmt":"2025-07-30T20:16:34","guid":{"rendered":"http:\/\/orchestre-baroque-essonne.fr\/?page_id=18"},"modified":"2025-08-04T21:28:13","modified_gmt":"2025-08-04T21:28:13","slug":"ateliers-action-culturelle","status":"publish","type":"page","link":"https:\/\/orchestre-baroque-essonne.fr\/index.php\/lorchestre\/ateliers-action-culturelle\/","title":{"rendered":"Ateliers &amp; action culturelle"},"content":{"rendered":"\n<figure class=\"wp-block-image size-large\"><img loading=\"lazy\" decoding=\"async\" width=\"1024\" height=\"683\" src=\"http:\/\/orchestre-baroque-essonne.fr\/wp-content\/uploads\/2025\/08\/DSC9397-1024x683.jpg\" alt=\"\" class=\"wp-image-141\" srcset=\"https:\/\/orchestre-baroque-essonne.fr\/wp-content\/uploads\/2025\/08\/DSC9397-1024x683.jpg 1024w, https:\/\/orchestre-baroque-essonne.fr\/wp-content\/uploads\/2025\/08\/DSC9397-300x200.jpg 300w, https:\/\/orchestre-baroque-essonne.fr\/wp-content\/uploads\/2025\/08\/DSC9397-768x512.jpg 768w, https:\/\/orchestre-baroque-essonne.fr\/wp-content\/uploads\/2025\/08\/DSC9397-1536x1024.jpg 1536w, https:\/\/orchestre-baroque-essonne.fr\/wp-content\/uploads\/2025\/08\/DSC9397-2048x1365.jpg 2048w\" sizes=\"auto, (max-width: 1024px) 100vw, 1024px\" \/><\/figure>\n\n\n\n<p><em>En tant qu\u2019acteur culturel d\u2019un territoire souhaitant promouvoir la musique baroque \u00e0 travers sa pratique et sa diffusion \u00e0 un large public, l\u2019OBE peut proposer en lien avec ses acad\u00e9mies et ses concerts :&nbsp;<\/em><\/p>\n\n\n\n<ul class=\"wp-block-list\">\n<li><mark style=\"background-color:rgba(0, 0, 0, 0)\" class=\"has-inline-color has-accent-2-color\">Concerts scolaires<\/mark>, pouvant \u00eatre pr\u00e9c\u00e9d\u00e9 d\u2019interventions dans les classes<\/li>\n\n\n\n<li class=\"has-base-color has-text-color has-link-color wp-elements-a5260bf161260e745717c20a10ca1071\"><mark style=\"background-color:rgba(0, 0, 0, 0)\" class=\"has-inline-color has-accent-2-color\">R\u00e9p\u00e9titions ouvertes<\/mark> : afin de proposer une d\u00e9couverte du travail d\u2019orchestre, enrichie d\u2019une dimension de m\u00e9diation et\/ou participative<\/li>\n\n\n\n<li><mark style=\"background-color:rgba(0, 0, 0, 0)\" class=\"has-inline-color has-accent-2-color\">Interventions\/actions de m\u00e9diation<\/mark> : pr\u00e9sentation du programme, des instruments avec illustrations sonores en <em>tutti <\/em>ou en effectif r\u00e9duit&#8230;<\/li>\n\n\n\n<li><mark style=\"background-color:rgba(0, 0, 0, 0)\" class=\"has-inline-color has-accent-2-color\">Sessions de d\u00e9couverte des instruments anciens<\/mark> : en parall\u00e8le de l\u2019acad\u00e9mie, proposition de courtes sessions (\u00bd journ\u00e9e) d\u2019initiation \u00e0 la pratique sur instruments anciens pour instrumentistes modernes des \u00e9tablissements partenaires, sur une th\u00e9matique\/un r\u00e9pertoire en lien avec l\u2019acad\u00e9mie<\/li>\n<\/ul>\n\n\n\n<figure class=\"wp-block-image size-large\"><img loading=\"lazy\" decoding=\"async\" width=\"1024\" height=\"683\" src=\"http:\/\/orchestre-baroque-essonne.fr\/wp-content\/uploads\/2025\/08\/DSC9462-1024x683.jpg\" alt=\"\" class=\"wp-image-159\" srcset=\"https:\/\/orchestre-baroque-essonne.fr\/wp-content\/uploads\/2025\/08\/DSC9462-1024x683.jpg 1024w, https:\/\/orchestre-baroque-essonne.fr\/wp-content\/uploads\/2025\/08\/DSC9462-300x200.jpg 300w, https:\/\/orchestre-baroque-essonne.fr\/wp-content\/uploads\/2025\/08\/DSC9462-768x512.jpg 768w, https:\/\/orchestre-baroque-essonne.fr\/wp-content\/uploads\/2025\/08\/DSC9462-1536x1024.jpg 1536w\" sizes=\"auto, (max-width: 1024px) 100vw, 1024px\" \/><\/figure>\n\n\n\n<p><\/p>\n\n\n\n<ul class=\"wp-block-list\">\n<li><mark style=\"background-color:rgba(0, 0, 0, 0)\" class=\"has-inline-color has-accent-2-color\">Acad\u00e9mie junior<\/mark> : \u00e0 destination des \u00e9l\u00e8ves en 1er et 2e cycle (instruments selon les programmes), elle r\u00e9unit de jeunes instrumentistes sur un format similaire \u00e0 celui de l\u2019Acad\u00e9mie d\u2019orchestre, pour travailler un programme sp\u00e9cialement imagin\u00e9 pour l&rsquo;Acad\u00e9mie junior&nbsp; et en lien avec celui de l&rsquo;ann\u00e9e en cours. En plus des temps partag\u00e9s, les deux acad\u00e9mies se r\u00e9unissent pour jouer ensemble, en lever de rideau d\u2019un ou plusieurs concerts de l\u2019Acad\u00e9mie. Incubateur de jeunes talents, l\u2019Acad\u00e9mie junior a vocation \u00e0 proposer \u00e0 de jeunes \u00e9l\u00e8ves une initiation \u00e0 la musique ancienne et \u00e0 la pratique d\u2019orchestre dans un cadre stimulant et valorisant.<\/li>\n\n\n\n<li><mark style=\"background-color:rgba(0, 0, 0, 0)\" class=\"has-inline-color has-accent-2-color\">R\u00e9sidence en milieu scolaire<\/mark> : interventions par les encadrants de l\u2019orchestre dans une classe, int\u00e9grant actions de sensibilisation culturelle et ateliers de pratique artistique. La classe participante b\u00e9n\u00e9ficie \u00e9galement de temps de rencontre et d\u2019\u00e9change privil\u00e9gi\u00e9s avec l\u2019orchestre, avec qui elle est invit\u00e9e \u00e0 partager la sc\u00e8ne lors d\u2019un concert scolaire.<\/li>\n\n\n\n<li><mark style=\"background-color:rgba(0, 0, 0, 0)\" class=\"has-inline-color has-accent-2-color\">Valorisation de grands \u00e9tudiants<\/mark> : \u00e0 travers une invitation \u00e0 s\u2019impliquer dans les actions de l\u2019orchestre, avec un encadrement p\u00e9dagogique, dans le cadre du projet artistique et du projet de saison de l\u2019orchestre.<\/li>\n<\/ul>\n","protected":false},"excerpt":{"rendered":"<p>En tant qu\u2019acteur culturel d\u2019un territoire souhaitant promouvoir la musique baroque \u00e0 travers sa pratique et sa diffusion \u00e0 un large public, l\u2019OBE peut proposer en lien avec ses acad\u00e9mies et ses concerts :&nbsp;<\/p>\n","protected":false},"author":1,"featured_media":0,"parent":14,"menu_order":0,"comment_status":"closed","ping_status":"closed","template":"","meta":{"footnotes":""},"class_list":["post-18","page","type-page","status-publish","hentry"],"_links":{"self":[{"href":"https:\/\/orchestre-baroque-essonne.fr\/index.php\/wp-json\/wp\/v2\/pages\/18","targetHints":{"allow":["GET"]}}],"collection":[{"href":"https:\/\/orchestre-baroque-essonne.fr\/index.php\/wp-json\/wp\/v2\/pages"}],"about":[{"href":"https:\/\/orchestre-baroque-essonne.fr\/index.php\/wp-json\/wp\/v2\/types\/page"}],"author":[{"embeddable":true,"href":"https:\/\/orchestre-baroque-essonne.fr\/index.php\/wp-json\/wp\/v2\/users\/1"}],"replies":[{"embeddable":true,"href":"https:\/\/orchestre-baroque-essonne.fr\/index.php\/wp-json\/wp\/v2\/comments?post=18"}],"version-history":[{"count":13,"href":"https:\/\/orchestre-baroque-essonne.fr\/index.php\/wp-json\/wp\/v2\/pages\/18\/revisions"}],"predecessor-version":[{"id":253,"href":"https:\/\/orchestre-baroque-essonne.fr\/index.php\/wp-json\/wp\/v2\/pages\/18\/revisions\/253"}],"up":[{"embeddable":true,"href":"https:\/\/orchestre-baroque-essonne.fr\/index.php\/wp-json\/wp\/v2\/pages\/14"}],"wp:attachment":[{"href":"https:\/\/orchestre-baroque-essonne.fr\/index.php\/wp-json\/wp\/v2\/media?parent=18"}],"curies":[{"name":"wp","href":"https:\/\/api.w.org\/{rel}","templated":true}]}}