{"id":16,"date":"2025-07-30T20:15:04","date_gmt":"2025-07-30T20:15:04","guid":{"rendered":"http:\/\/orchestre-baroque-essonne.fr\/?page_id=16"},"modified":"2025-10-20T22:01:38","modified_gmt":"2025-10-20T22:01:38","slug":"academie-dorchestre","status":"publish","type":"page","link":"https:\/\/orchestre-baroque-essonne.fr\/index.php\/lorchestre\/academie-dorchestre\/","title":{"rendered":"Acad\u00e9mie d&rsquo;orchestre"},"content":{"rendered":"\n<p><\/p>\n\n\n\n<p><em>Sous forme d\u2019une ou plusieurs sessions annuelles, elle permet aux membres de l\u2019orchestre (selon les effectifs pr\u00e9vus par la programmation musicale) de se r\u00e9unir pour travailler un programme dans la finalit\u00e9 de le donner en concert.<\/em><\/p>\n\n\n\n<p>L\u2019acad\u00e9mie d\u2019orchestre est gratuite et ouverte \u00e0 tous musiciens amateurs jouant sur instruments anciens (possibilit\u00e9 de pr\u00eat pour certains instruments), d\u2019un niveau \u00e9quivalent \u00e0 un 3\u00e8me cycle de conservatoire.<br>Pour toute demande de participation ou information, n\u2019h\u00e9sitez pas \u00e0 nous contacter<\/p>\n\n\n\n<p>Chaque acad\u00e9mie est structur\u00e9e autour d&rsquo;une programmation musicale qui explore toute la <mark style=\"background-color:rgba(0, 0, 0, 0)\" class=\"has-inline-color has-base-color\">richesse du <\/mark><mark style=\"background-color:rgba(0, 0, 0, 0)\" class=\"has-inline-color has-accent-2-color\">r\u00e9pertoire pour orchestre<\/mark>. Pens\u00e9e pour permettre aux musiciens de <mark style=\"background-color:rgba(0, 0, 0, 0)\" class=\"has-inline-color has-accent-2-color\">jouer avec aisance<\/mark>, tout en progressant et en se faisant plaisir, sa conception respecte un \u00e9quilibre en terme d\u2019effectifs tout en mettant en valeur les diff\u00e9rents pupitres (vents, cordes, continuo). Elle s\u2019appuie sur des <mark style=\"background-color:rgba(0, 0, 0, 0)\" class=\"has-inline-color has-accent-2-color\">sources et documents<\/mark> (trait\u00e9s, iconographie, t\u00e9moignages historiques sur les pratiques de jeu d\u2019orchestre : dispositions, effectifs, r\u00f4les des musiciens dans l\u2019orchestre\u2026) qui enrichissent et nourrissent le travail des sessions.<\/p>\n\n\n\n<p>Alliant <mark style=\"background-color:rgba(0, 0, 0, 0)\" class=\"has-inline-color has-base-color\">concentration et convivialit\u00e9<\/mark>, le travail d&rsquo;orchestre conjugue vari\u00e9t\u00e9, \u00e9quilibre et efficacit\u00e9, en alternant tutti, partielles, ouvertures et temps de \u00ab jeux \u00bb diff\u00e9rents. Sa construction porte tant sur<mark style=\"background-color:rgba(0, 0, 0, 0)\" class=\"has-inline-color has-accent-2-color\"> le son d\u2019ensemble que sur sa prise de conscience collective.<\/mark><\/p>\n\n\n\n<figure class=\"wp-block-image size-large\"><img loading=\"lazy\" decoding=\"async\" width=\"1024\" height=\"683\" src=\"http:\/\/orchestre-baroque-essonne.fr\/wp-content\/uploads\/2025\/08\/DSC9534-1024x683.jpg\" alt=\"\" class=\"wp-image-135\" srcset=\"https:\/\/orchestre-baroque-essonne.fr\/wp-content\/uploads\/2025\/08\/DSC9534-1024x683.jpg 1024w, https:\/\/orchestre-baroque-essonne.fr\/wp-content\/uploads\/2025\/08\/DSC9534-300x200.jpg 300w, https:\/\/orchestre-baroque-essonne.fr\/wp-content\/uploads\/2025\/08\/DSC9534-768x512.jpg 768w, https:\/\/orchestre-baroque-essonne.fr\/wp-content\/uploads\/2025\/08\/DSC9534-1536x1024.jpg 1536w, https:\/\/orchestre-baroque-essonne.fr\/wp-content\/uploads\/2025\/08\/DSC9534-2048x1365.jpg 2048w\" sizes=\"auto, (max-width: 1024px) 100vw, 1024px\" \/><\/figure>\n\n\n\n<p>Assur\u00e9 par une \u00e9quipe de professionnels riches d\u2019une solide exp\u00e9rience de l\u2019orchestre, de la direction d\u2019ensemble, du travail avec des amateurs et des \u00e9tudiants en particulier, de la p\u00e9dagogie de groupe, connaissant et appliquant une m\u00e9thodologie adapt\u00e9e \u00e0 l\u2019orchestre, l\u2019encadrement s\u2019effectue dans un projet collectif, dans une <mark style=\"background-color:rgba(0, 0, 0, 0)\" class=\"has-inline-color has-accent-2-color\">dynamique aussi bien musicale qu\u2019humaine.<\/mark><\/p>\n\n\n\n<p>Capables d\u2019initier \u00e0 la pratique sur instruments anciens, les musiciens encadrants se distinguent aussi par un vrai go\u00fbt pour l\u2019<mark style=\"background-color:rgba(0, 0, 0, 0)\" class=\"has-inline-color has-accent-2-color\">invention<\/mark>, l\u2019<mark style=\"background-color:rgba(0, 0, 0, 0)\" class=\"has-inline-color has-accent-2-color\">in\u00e9dit<\/mark>, l\u2019<mark style=\"background-color:rgba(0, 0, 0, 0)\" class=\"has-inline-color has-accent-2-color\">exp\u00e9rimentation\/recherche<\/mark>, l\u2019<mark style=\"background-color:rgba(0, 0, 0, 0)\" class=\"has-inline-color has-accent-2-color\">improvisation<\/mark>\u2026 <\/p>\n\n\n\n<p>                 &#8230;et le<mark style=\"background-color:rgba(0, 0, 0, 0)\" class=\"has-inline-color has-accent-2-color\"> <\/mark><mark style=\"background-color:rgba(0, 0, 0, 0)\" class=\"has-inline-color has-base-color\">d\u00e9sir de le<\/mark><mark style=\"background-color:rgba(0, 0, 0, 0)\" class=\"has-inline-color has-accent-2-color\"> transmettre<\/mark> !<\/p>\n\n\n\n<p><\/p>\n","protected":false},"excerpt":{"rendered":"<p>Sous forme d\u2019une ou plusieurs sessions annuelles, elle permet aux membres de l\u2019orchestre (selon les effectifs pr\u00e9vus par la programmation musicale) de se r\u00e9unir pour travailler un programme dans la finalit\u00e9 de le donner en concert. L\u2019acad\u00e9mie d\u2019orchestre est gratuite et ouverte \u00e0 tous musiciens amateurs jouant sur instruments anciens (possibilit\u00e9 de pr\u00eat pour certains [&hellip;]<\/p>\n","protected":false},"author":1,"featured_media":0,"parent":14,"menu_order":0,"comment_status":"closed","ping_status":"closed","template":"","meta":{"footnotes":""},"class_list":["post-16","page","type-page","status-publish","hentry"],"_links":{"self":[{"href":"https:\/\/orchestre-baroque-essonne.fr\/index.php\/wp-json\/wp\/v2\/pages\/16","targetHints":{"allow":["GET"]}}],"collection":[{"href":"https:\/\/orchestre-baroque-essonne.fr\/index.php\/wp-json\/wp\/v2\/pages"}],"about":[{"href":"https:\/\/orchestre-baroque-essonne.fr\/index.php\/wp-json\/wp\/v2\/types\/page"}],"author":[{"embeddable":true,"href":"https:\/\/orchestre-baroque-essonne.fr\/index.php\/wp-json\/wp\/v2\/users\/1"}],"replies":[{"embeddable":true,"href":"https:\/\/orchestre-baroque-essonne.fr\/index.php\/wp-json\/wp\/v2\/comments?post=16"}],"version-history":[{"count":12,"href":"https:\/\/orchestre-baroque-essonne.fr\/index.php\/wp-json\/wp\/v2\/pages\/16\/revisions"}],"predecessor-version":[{"id":345,"href":"https:\/\/orchestre-baroque-essonne.fr\/index.php\/wp-json\/wp\/v2\/pages\/16\/revisions\/345"}],"up":[{"embeddable":true,"href":"https:\/\/orchestre-baroque-essonne.fr\/index.php\/wp-json\/wp\/v2\/pages\/14"}],"wp:attachment":[{"href":"https:\/\/orchestre-baroque-essonne.fr\/index.php\/wp-json\/wp\/v2\/media?parent=16"}],"curies":[{"name":"wp","href":"https:\/\/api.w.org\/{rel}","templated":true}]}}