{"id":14,"date":"2025-07-30T20:14:15","date_gmt":"2025-07-30T20:14:15","guid":{"rendered":"http:\/\/orchestre-baroque-essonne.fr\/?page_id=14"},"modified":"2025-08-26T15:37:14","modified_gmt":"2025-08-26T15:37:14","slug":"lorchestre","status":"publish","type":"page","link":"https:\/\/orchestre-baroque-essonne.fr\/index.php\/lorchestre\/","title":{"rendered":"L&rsquo;orchestre"},"content":{"rendered":"\n<div class=\"wp-block-group has-global-padding is-layout-constrained wp-block-group-is-layout-constrained\">\n<p>L\u2019orchestre, \u00e0 travers le travail de la direction artistique, des encadrants invit\u00e9s et des musiciens b\u00e9n\u00e9voles, est porteur d\u2019un projet artistique.&nbsp;<\/p>\n\n\n\n<p>Celui-ci se structure autour de deux grands axes et actions : l&rsquo;<a href=\"http:\/\/orchestre-baroque-essonne.fr\/index.php\/lorchestre\/academie-dorchestre\/\">acad\u00e9mie d\u2019orchestre<\/a> et les <a href=\"http:\/\/orchestre-baroque-essonne.fr\/index.php\/lorchestre\/ateliers-action-culturelle\/\">actions culturelles<\/a> qui l\u2019accompagnent. <\/p>\n<\/div>\n\n\n\n<blockquote class=\"wp-block-quote is-layout-flow wp-block-quote-is-layout-flow\">\n<p><em>L\u2019orchestre est n\u00e9 \u00e0 l\u2019impulsion de l\u2019association Mus\u2019Art, avant de se structurer en tant qu\u2019association ind\u00e9pendante en 2022.<\/em><\/p>\n\n\n\n<div class=\"wp-block-group has-global-padding is-layout-constrained wp-block-group-is-layout-constrained\">\n<details class=\"wp-block-details is-layout-flow wp-block-details-is-layout-flow\"><summary>Mus&rsquo;Art <\/summary>\n<p class=\"has-medium-font-size\"><a href=\"https:\/\/www.musart91.fr\/ensembles\/orchestre-baroque-de-l-essonne\" data-type=\"link\" data-id=\"https:\/\/www.musart91.fr\/ensembles\/orchestre-baroque-de-l-essonne\">Mus&rsquo;Art,<\/a> c&rsquo;est un collectif qui m\u00e8ne de nombreuses actions culturelles : un festival (les Rendez-Vous de Musique Ancienne \u00e0 Chilly-Mazarin) ; des actions p\u00e9dagogiques (\u00e0 Evry, Vigneux, Plessis-P\u00e2t\u00e9, Chilly-Mazarin&#8230;) ; l&rsquo;organisation et la diffusion des concerts des ensembles \u00ab\u00a0Bella Donna\u00a0\u00bb, \u00ab\u00a0Dolce Fortuna\u00a0\u00bb, \u00ab\u00a0Quatuor Zimmersheim\u00a0\u00bb, de l&rsquo;Orchestre Baroque des Jeunes de l&rsquo;Essonne, mais aussi d&rsquo;ensembles constitu\u00e9s sp\u00e9cialement en fonction de projets artistiques&#8230;<\/p>\n\n\n\n<p class=\"has-medium-font-size\">Musiciens mais aussi p\u00e9dagogues, les artistes de Mus&rsquo;Art s&rsquo;attachent \u00e0 \u00e9tablir un contact de proximit\u00e9 avec le public, \u00e0 aller \u00e0 la rencontre de celles et ceux qui n&rsquo;ont pas encore eu l&rsquo;occasion de rencontrer les musiques anciennes. C&rsquo;est pourquoi les diff\u00e9rents ensembles proposent des actions de sensibilisation en direction des publics scolaires, des \u00e9l\u00e8ves de conservatoire, ou m\u00eames des animations \u00ab\u00a0avant-concert\u00a0\u00bb tous publics. Au coeur de ce collectif, plusieurs b\u00e9n\u00e9voles participent activement \u00e0 l&rsquo;organisation de toutes ces actions.<\/p>\n\n\n\n<p class=\"has-medium-font-size\">\u200b\u200bA l&rsquo;origine des Rendez-Vous de Musique Ancienne, une belle rencontre et un joli hasard : la premi\u00e8re maison qu&rsquo;ils habit\u00e8rent ensemble jouxtait l&rsquo;\u00e9glise Saint-Etienne de Chilly-Mazarin&#8230; Tr\u00e8s vite, l&rsquo;id\u00e9e leur vint de proposer des concerts dans cette magnifique \u00e9glise du XIII\u00b0 si\u00e8cle. Un public de plus en plus nombreux prit l&rsquo;habitude de venir le dimanche \u00e0 17h, et de nombreux musiciens se prirent au jeu de ces Rendez-Vous, qui constituent maintenant un \u00e9l\u00e9ment important de la vie culturelle du territoire.<\/p>\n\n\n\n<p class=\"has-medium-font-size\">Bien \u00e9videmment, cette action ne constitue qu&rsquo;une facette de leurs nombreuses activit\u00e9s artistiques et p\u00e9dagogiques. Ils ont notamment cr\u00e9\u00e9, dans le cadre des Rendez-Vous de Musique Ancienne, l&rsquo;Orchestre Baroque des Jeunes de l&rsquo;Essonne, qui permet \u00e0 de nombreux musiciens exp\u00e9riment\u00e9s de d\u00e9couvrir ou d&rsquo;approfondir le jeu sur instruments anciens.<\/p>\n\n\n\n<p class=\"has-medium-font-size\">Laurence et Fr\u00e9d\u00e9ric se produisent r\u00e9guli\u00e8rement avec leurs ensembles dans de nombreux lieux culturels. Laurence joue \u00e9galement en orchestre avec plusieurs formations sur instruments anciens (La loge Olympique, Le Po\u00e8me Harmonique, Les Folies Fran\u00e7aises, Le cercle de l&rsquo;Harmonie&#8230;).<\/p>\n<\/details>\n<\/div>\n<\/blockquote>\n\n\n\n<p>L&rsquo;<a href=\"https:\/\/www.helloasso.com\/associations\/orchestre-baroque-de-l-essonne\">Orchestre Baroque de l&rsquo;Essonne<\/a> est une association de loi 1901, cr\u00e9\u00e9e en 2022 et domicili\u00e9e \u00e0 Chilly-Mazarin.<\/p>\n\n\n\n<details class=\"wp-block-details is-layout-flow wp-block-details-is-layout-flow\" style=\"border-style:none;border-width:0px\"><summary>Bureau<\/summary>\n<p>Marianne Le Clerc &#8211; Pr\u00e9sident<\/p>\n\n\n\n<p>Laurent Cardon &#8211; Tr\u00e9sorier<\/p>\n\n\n\n<p>Muriel Portelli &#8211; secr\u00e9taire<\/p>\n<\/details>\n","protected":false},"excerpt":{"rendered":"<p>L\u2019orchestre, \u00e0 travers le travail de la direction artistique, des encadrants invit\u00e9s et des musiciens b\u00e9n\u00e9voles, est porteur d\u2019un projet artistique.&nbsp; Celui-ci se structure autour de deux grands axes et actions : l&rsquo;acad\u00e9mie d\u2019orchestre et les actions culturelles qui l\u2019accompagnent. L&rsquo;Orchestre Baroque de l&rsquo;Essonne est une association de loi 1901, cr\u00e9\u00e9e en 2022 et domicili\u00e9e [&hellip;]<\/p>\n","protected":false},"author":1,"featured_media":0,"parent":0,"menu_order":0,"comment_status":"closed","ping_status":"closed","template":"","meta":{"footnotes":""},"class_list":["post-14","page","type-page","status-publish","hentry"],"_links":{"self":[{"href":"https:\/\/orchestre-baroque-essonne.fr\/index.php\/wp-json\/wp\/v2\/pages\/14","targetHints":{"allow":["GET"]}}],"collection":[{"href":"https:\/\/orchestre-baroque-essonne.fr\/index.php\/wp-json\/wp\/v2\/pages"}],"about":[{"href":"https:\/\/orchestre-baroque-essonne.fr\/index.php\/wp-json\/wp\/v2\/types\/page"}],"author":[{"embeddable":true,"href":"https:\/\/orchestre-baroque-essonne.fr\/index.php\/wp-json\/wp\/v2\/users\/1"}],"replies":[{"embeddable":true,"href":"https:\/\/orchestre-baroque-essonne.fr\/index.php\/wp-json\/wp\/v2\/comments?post=14"}],"version-history":[{"count":11,"href":"https:\/\/orchestre-baroque-essonne.fr\/index.php\/wp-json\/wp\/v2\/pages\/14\/revisions"}],"predecessor-version":[{"id":335,"href":"https:\/\/orchestre-baroque-essonne.fr\/index.php\/wp-json\/wp\/v2\/pages\/14\/revisions\/335"}],"wp:attachment":[{"href":"https:\/\/orchestre-baroque-essonne.fr\/index.php\/wp-json\/wp\/v2\/media?parent=14"}],"curies":[{"name":"wp","href":"https:\/\/api.w.org\/{rel}","templated":true}]}}