{"id":12,"date":"2025-07-30T20:13:19","date_gmt":"2025-07-30T20:13:19","guid":{"rendered":"http:\/\/orchestre-baroque-essonne.fr\/?page_id=12"},"modified":"2025-10-20T22:00:48","modified_gmt":"2025-10-20T22:00:48","slug":"accueil","status":"publish","type":"page","link":"https:\/\/orchestre-baroque-essonne.fr\/","title":{"rendered":""},"content":{"rendered":"\n<p class=\"has-large-font-size\" style=\"margin-top:0;margin-right:0;margin-bottom:0;margin-left:0;padding-top:0;padding-right:0;padding-bottom:0;padding-left:0\">Un orchestre cr\u00e9atif, au service du collectif, uni dans un travail exigeant et convivial, dans le jeu, pour la musique et par l\u2019humain.<\/p>\n\n\n\n<p class=\"has-text-align-left has-large-font-size\" style=\"margin-top:0;margin-right:0;margin-bottom:0;margin-left:0;padding-top:0;padding-right:0;padding-bottom:0;padding-left:0\">Un lieu de pratique de la musique d\u2019orchestre des XVIIe et XVIIIe si\u00e8cles sur instruments anciens, de partage des savoirs et de la joie, ouvert \u00e0 la d\u00e9couverte de la musique, des musiciens et des publics.<br><\/p>\n\n\n\n<p><\/p>\n\n\n\n<p class=\"has-medium-font-size\" style=\"margin-top:0;margin-right:0;margin-bottom:0;margin-left:0;padding-top:0;padding-right:0;padding-bottom:0;padding-left:0\"><\/p>\n\n\n\n<p class=\"has-text-align-left has-medium-font-size\" style=\"margin-top:0;margin-right:0;margin-bottom:0;margin-left:0;padding-top:0;padding-right:0;padding-bottom:0;padding-left:0\"><em>L\u2019orchestre est en r\u00e9sidence au Conservatoire \u00e0 Rayonnement D\u00e9partemental de Paris-Saclay \u00e0 Orsay (convention de partenariat).&nbsp;<\/em><\/p>\n\n\n\n<p class=\"has-text-align-left has-medium-font-size\" style=\"margin-top:0;margin-right:0;margin-bottom:0;margin-left:0;padding-top:0;padding-right:0;padding-bottom:0;padding-left:0\"><em>L\u2019association est domicili\u00e9e \u00e0 la maison des associations de Chilly-Mazarin.<\/em><\/p>\n\n\n\n<p><\/p>\n\n\n\n<div class=\"wp-block-columns is-layout-flex wp-container-core-columns-is-layout-28f84493 wp-block-columns-is-layout-flex\">\n<div class=\"wp-block-column is-layout-flow wp-block-column-is-layout-flow\">\n<figure class=\"wp-block-image size-large\"><img loading=\"lazy\" decoding=\"async\" width=\"1024\" height=\"683\" src=\"http:\/\/orchestre-baroque-essonne.fr\/wp-content\/uploads\/2025\/08\/DSC9508-Avec-accentuation-Bruit-3-1024x683.jpg\" alt=\"\" class=\"wp-image-128\" srcset=\"https:\/\/orchestre-baroque-essonne.fr\/wp-content\/uploads\/2025\/08\/DSC9508-Avec-accentuation-Bruit-3-1024x683.jpg 1024w, https:\/\/orchestre-baroque-essonne.fr\/wp-content\/uploads\/2025\/08\/DSC9508-Avec-accentuation-Bruit-3-300x200.jpg 300w, https:\/\/orchestre-baroque-essonne.fr\/wp-content\/uploads\/2025\/08\/DSC9508-Avec-accentuation-Bruit-3-768x512.jpg 768w, https:\/\/orchestre-baroque-essonne.fr\/wp-content\/uploads\/2025\/08\/DSC9508-Avec-accentuation-Bruit-3-1536x1024.jpg 1536w, https:\/\/orchestre-baroque-essonne.fr\/wp-content\/uploads\/2025\/08\/DSC9508-Avec-accentuation-Bruit-3-2048x1365.jpg 2048w\" sizes=\"auto, (max-width: 1024px) 100vw, 1024px\" \/><\/figure>\n<\/div>\n<\/div>\n\n\n\n<p>Pour nous soutenir, n&rsquo;h\u00e9sitez pas \u00e0&#8230;<\/p>\n\n\n\n<ul class=\"wp-block-list\">\n<li>Faire un don via notre <a href=\"https:\/\/www.helloasso.com\/associations\/orchestre-baroque-de-l-essonne\">page Helloasso<\/a><\/li>\n\n\n\n<li>Nous contacter pour devenir b\u00e9n\u00e9vole<\/li>\n<\/ul>\n","protected":false},"excerpt":{"rendered":"<p>Un orchestre cr\u00e9atif, au service du collectif, uni dans un travail exigeant et convivial, dans le jeu, pour la musique et par l\u2019humain. Un lieu de pratique de la musique d\u2019orchestre des XVIIe et XVIIIe si\u00e8cles sur instruments anciens, de partage des savoirs et de la joie, ouvert \u00e0 la d\u00e9couverte de la musique, des [&hellip;]<\/p>\n","protected":false},"author":1,"featured_media":0,"parent":0,"menu_order":0,"comment_status":"closed","ping_status":"closed","template":"","meta":{"footnotes":""},"class_list":["post-12","page","type-page","status-publish","hentry"],"_links":{"self":[{"href":"https:\/\/orchestre-baroque-essonne.fr\/index.php\/wp-json\/wp\/v2\/pages\/12","targetHints":{"allow":["GET"]}}],"collection":[{"href":"https:\/\/orchestre-baroque-essonne.fr\/index.php\/wp-json\/wp\/v2\/pages"}],"about":[{"href":"https:\/\/orchestre-baroque-essonne.fr\/index.php\/wp-json\/wp\/v2\/types\/page"}],"author":[{"embeddable":true,"href":"https:\/\/orchestre-baroque-essonne.fr\/index.php\/wp-json\/wp\/v2\/users\/1"}],"replies":[{"embeddable":true,"href":"https:\/\/orchestre-baroque-essonne.fr\/index.php\/wp-json\/wp\/v2\/comments?post=12"}],"version-history":[{"count":30,"href":"https:\/\/orchestre-baroque-essonne.fr\/index.php\/wp-json\/wp\/v2\/pages\/12\/revisions"}],"predecessor-version":[{"id":344,"href":"https:\/\/orchestre-baroque-essonne.fr\/index.php\/wp-json\/wp\/v2\/pages\/12\/revisions\/344"}],"wp:attachment":[{"href":"https:\/\/orchestre-baroque-essonne.fr\/index.php\/wp-json\/wp\/v2\/media?parent=12"}],"curies":[{"name":"wp","href":"https:\/\/api.w.org\/{rel}","templated":true}]}}